{"id":34,"date":"2021-01-31T08:32:33","date_gmt":"2021-01-31T08:32:33","guid":{"rendered":"https:\/\/metakol.uniri.hr\/?page_id=34"},"modified":"2021-02-04T13:48:21","modified_gmt":"2021-02-04T13:48:21","slug":"dobro-dosli","status":"publish","type":"page","link":"https:\/\/metakol.uniri.hr\/en\/","title":{"rendered":"Welcome!"},"content":{"rendered":"<p>Welcome to the website of a scientific research project\u00a0<em>Metaphorical collocations - syntagmatic relations between semantics and pragmatics<\/em>\u00a0financed by the Croatian Science Foundation, IP-2020-02-6319<\/p>\n\n\n\n<div class=\"wp-block-image\"><figure class=\"aligncenter size-large is-resized\"><a href=\"https:\/\/metakol.uniri.hr\/wp-content\/uploads\/2023\/07\/HRZZ-eng.jpg\"><img loading=\"lazy\" decoding=\"async\" src=\"https:\/\/metakol.uniri.hr\/wp-content\/uploads\/2023\/07\/HRZZ-eng.jpg\" alt=\"\" class=\"wp-image-79\" width=\"276\" height=\"113\"\/><\/a><\/figure><\/div>","protected":false},"excerpt":{"rendered":"<p>Dobro do\u0161li na stranice znanstvenoistra\u017eiva\u010dkoga projekta\u00a0Metafori\u010dke kolokacije \u2013 sintagmatske sveze izme\u0111u semantike i pragmatike\u00a0koji financira Hrvatska zaklada za znanost, IP-2020-02-6319.<\/p>","protected":false},"author":2,"featured_media":0,"parent":0,"menu_order":0,"comment_status":"closed","ping_status":"closed","template":"","meta":{"footnotes":""},"class_list":["post-34","page","type-page","status-publish","hentry"],"_links":{"self":[{"href":"https:\/\/metakol.uniri.hr\/en\/wp-json\/wp\/v2\/pages\/34","targetHints":{"allow":["GET"]}}],"collection":[{"href":"https:\/\/metakol.uniri.hr\/en\/wp-json\/wp\/v2\/pages"}],"about":[{"href":"https:\/\/metakol.uniri.hr\/en\/wp-json\/wp\/v2\/types\/page"}],"author":[{"embeddable":true,"href":"https:\/\/metakol.uniri.hr\/en\/wp-json\/wp\/v2\/users\/2"}],"replies":[{"embeddable":true,"href":"https:\/\/metakol.uniri.hr\/en\/wp-json\/wp\/v2\/comments?post=34"}],"version-history":[{"count":3,"href":"https:\/\/metakol.uniri.hr\/en\/wp-json\/wp\/v2\/pages\/34\/revisions"}],"predecessor-version":[{"id":82,"href":"https:\/\/metakol.uniri.hr\/en\/wp-json\/wp\/v2\/pages\/34\/revisions\/82"}],"wp:attachment":[{"href":"https:\/\/metakol.uniri.hr\/en\/wp-json\/wp\/v2\/media?parent=34"}],"curies":[{"name":"wp","href":"https:\/\/api.w.org\/{rel}","templated":true}]}}