{"id":262,"date":"2022-02-03T10:15:19","date_gmt":"2022-02-03T10:15:19","guid":{"rendered":"https:\/\/metakol.uniri.hr\/?page_id=262"},"modified":"2024-11-11T09:39:26","modified_gmt":"2024-11-11T09:39:26","slug":"diseminacijske-aktivnosti","status":"publish","type":"page","link":"https:\/\/metakol.uniri.hr\/en\/diseminacijske-aktivnosti\/","title":{"rendered":"Activities"},"content":{"rendered":"<p><em>With the goal of promoting the topic as well as introducing the wider scientific community to various aspects of research within MetaKol, we organize a wide variety of activities to which all interested parties are invited. Access to online activities is free of charge.<\/em><\/p>\n\n\n\n<p>Presentation by Jana Jur\u010devi\u0107 has been held at the international scientific conference: <a href=\"https:\/\/angl-conf.ffzg.unizg.hr\/\">MINDS, NETWORKS, NARRATIVES: 90 years of the Department of English.<\/a>The conference took place at the Faculty of Humanities and Social Sciences in Zagreb, from 7th - 9th November 2024. The title of presented study was \"Metaphorical Collocations and Conceptualization of Time - A Comparison of Data from Croatian and English Web Corpora\".<\/p>\n\n\n\n<p>Presentation by Stanislava-Sta\u0161a Tofoska, Mihaela Mate\u0161i\u0107 and Aneta Stoji\u0107 has been held at the 50th international scientific conference on Macedonian language, literature and culture in educational setting. The conference took place in Ohrid (Macedonia) from 1st - 3rd September 2023. The title of the presentation was \"Lexical collocations with a noun chance in Croatian and Macedonian language - semantic and pragmatic analysis\".<\/p>\n\n\n\n<p class=\" translation-block\">Presentation by Aneta Stoji\u0107 and Mihaela Mate\u0161i\u0107 has been held at the Slavic Cognitive Linguistics Conference 2023, at Harvard University (Boston, Massachusetts, USA). The title of the presentation was: <a href=\"https:\/\/slavic.fas.harvard.edu\/sites\/hwpi.harvard.edu\/files\/slavic\/files\/sclc_2023_book_of_abstracts.pdf?m=1682453053\" target=\"_self\">Metaphorical potential of lexical collocation: the case of the noun prilika<\/a>.<\/p>\n\n\n\n<p class=\" translation-block\">Jana Jur\u010devi\u0107 presented her research paper at the 37th international scientific conference of the Croatian Society for Applied Linguistics, which took place in Osijek from 15-17 June 2023. The title of the presentation was <a href=\"http:\/\/www.hdpl.hr\/upload\/9cd978410f5561ba6c3b186e962e5fdb280810cd.pdf\" target=\"_self\">Lexical Synaesthesia in Metaphorical Collocations: Cross-modal Mappings of Gustatory Adjectives<\/a>.<\/p>\n\n\n\n<p class=\" translation-block\">Invitation to the plenary talk by prof. PhD Christine Konecny \u200b\u200b\u2013 The multifaceted nature of collocations. The lecture will be held on May 30, 2023, from 2:00 p.m. to 3:00 p.m., as part of <a href=\"http:\/\/europhras2023.unimi.it\/wp-content\/uploads\/2023\/05\/EUROPHRAS_2023_final_programme_29.05.23.pdf\" target=\"_self\">International scientific conference EUROPHRAS<\/a>, at the University of Milan (Italy).<\/p>\n\n\n\n<p class=\" translation-block\">Invitation to the lecture of prof. PhD Aneta Stoji\u0107 -  <a href=\"https:\/\/oesterreichbibliothekrijeka.jimdofree.com\/home\/veranstaltungen-aktuelles\/\" target=\"_self\">Kollokationen \u2013 Mehrwortverbindungen zwischen freien und festen Syntagmen<\/a>. The lecture will be held on May 10th 2023, at 11:15 h, in lecture room F-403, the fourth floor of the Faculty of Humanities and Social Sciences in Rijeka.<\/p>\n\n\n\n<p>Prof. PhD Aneta Stoj\u0107 ran a workshop called \u2013 Die Rolle von Kollokationen im Fremdsprachenunterricht. The workshop was held at the Institute for German Language, at the University of Debrecen (Hungary), on April 24, 2023.<\/p>\n\n\n\n<p>Prof. PhD Aneta Stoj\u0107 ran a workshop called \u2013 Einf\u00fchrung in die Kollocationen. The workshop was held at the Institute for German Language, at the University of Debrecen (Hungary), on April 24, 2023.<\/p>\n\n\n\n<p>Invitation to the lecture of Prof. PhD Christine Konecny \u200b\u200b\u2013 Die reichhaltigen Facetten lexikalischer Kollokationen. The lecture will be held on April 18, 2023, from 12:00 p.m. to 1:30 p.m., at the University of Foggia (Italy) as a part of the German language and translation course 1, generally held by Professor Antonella Catone.<\/p>\n\n\n\n<p class=\" translation-block\">Iva Bari\u0107 and Ana Keglevi\u0107 Bla\u017eevi\u0107 presented their research paper at the 36th international scientific conference of the Croatian Society for Applied Linguistics, which took place in Osijek from 9-11 June 2022. The title of the presentation was <a href=\"http:\/\/www.hdpl.hr\/upload\/20e6d484c21d910436f9482a0d9c1ff569e685b3.pdf\" target=\"_self\">Semanti\u010dka obrada metafori\u010dkih kolokacija pomo\u0107u korpusnolingvisti\u010dkih alata.<\/a><\/p>\n\n\n\n<p class=\" translation-block\">Invitation to the lecture of prof. Lucia Na\u010dinovi\u0107 Prskalo and prof. Marija Brki\u0107 Bakari\u0107 \u2013 Metakol: Corpus Linguistics and Metaphorical Collocations. The lecture will be held as part of the conference <a href=\"https:\/\/cji.uniri.hr\/ldst\/\" target=\"_self\">Language, Data, Science, Tech DAYS: Pohrana, obrada podataka i jezi\u010dne tehnologije<\/a>, which will be held from 4th-5th July 2022, at Faculty of Humanities and Social Sciences at the University of Rijeka.<\/p>\n\n\n\n<p>Poziv na predavanje prof. dr.sc. Anete Stoj\u0107 &#8211; Die Rolle von Kollokationen im Fremdsprachenunterricht&nbsp;(am Beispiel von DaF f\u00fcr kroatische MuttersprachlerInnen). Predavanje \u0107e biti odr\u017eano na Filozofskom fakultetu Sveu\u010dili\u0161ta u Be\u010du, u glavnoj zgradi, na devetom katu, u predavaonici 31, 28. o\u017eujka 2022. od 9:45 &#8211; 11:15 h.<\/p>\n\n\n\n<p>Prof. PhD Aneta Stoji\u0107 ran a workshop \u2013 Warum putzt man sich die Zahne im Deutschen und im Franzosischen burstet man sie? The workshop was accessible online via Zoom platform on March 25th 2022, and was intended for undergraduate students in economics and graduate students of translation studies at Gustave Eiffel University in Paris.<\/p>\n\n\n\n<p>Prof. PhD Aneta Stoji\u0107 ran a workshop \u2013 Kollokationen im Ubersetzungsprozess. The workshop was accessible online via Zoom platform on March 25, 2022, and was intended for undergraduate students in economics and graduate students of translation studies at Gustave Eiffel University in Paris.<\/p>\n\n\n\n<p>Call for workshop <em>Kollokationen als usuelle und feste Wortverbindungen und ihre Extraktion aus Korpora<\/em> which will be held by professor Peter \u010eur\u010do from the University of Trnava (Slovakia) at 15th of December 2021. The workshop will be accessible online from 14:00-16:00 h via Zoom platform. <a rel=\"noreferrer noopener\" href=\"https:\/\/zoom.us\/j\/94148637112?pwd=TDR1cHZta1ByV2tycE5McUdkSzJEdz09\" target=\"_blank\">Link<\/a> for workshop access or Meeting ID: 941 4863711 Password: btN4KT.<\/p>\n\n\n\n<p class=\" translation-block\">Invitation to a guest lecture <em>Zum Sonderfall Kollokation<\/em> which will be held by Project associate Ana Keglevi\u0107 from the <em>University of Osijek<\/em>. The lecture will be held as a part of linguistic studies in German language and literature, at the University of Maribor, on the 3rd of June 2021, from 10:30 - 12:00 h, via Microsoft Teams platform. For access information to online lecture, please contact Ana Keglevi\u0107 at  akeglevic@ffos.hr<\/a> .<\/p>\n\n\n\n<p class=\" translation-block\">Call for workshop <em>Das Problem der Metaphernidentifikation in der Metaphernforschung<\/em> which will be held by P\u00e9ter Csat\u00e1r, PhD from the University of Debrecen (Hungary). The workshop will be held online on May28th  2021, from 12:45 - 14:00 h, via Zoom platform. <a rel=\"noreferrer noopener\" href=\"https:\/\/zoom.us\/j\/93142112145?pwd=dmpKTlhvRjZKTFk4OVBmQjJ6V0hpUT09\" target=\"_blank\">Link<\/a> for workshop access. Meeting ID: 931 4211 2145 Password: fh5jgv<\/p>\n\n\n\n<p class=\" translation-block\">Call for workshop <em>Einwanderer, Fl\u00fcchtlinge, Migranten. Eine korpuslinguistische Untersuchung der Migrationskriste (2014-15)<\/em> which will be held by P\u00e9ter Csat\u00e1, PhD from the University of Debrecen (Hungary). The workshop will be held online on May 27th 2021, from 13:30 - 15:00 h, via Zoom platform.  <a rel=\"noreferrer noopener\" href=\"https:\/\/zoom.us\/j\/91459670426?pwd=QUZLTE9hdDN5Z1FTNGx3c0tGeGhtQT09\" target=\"_blank\">Link<\/a> for workshop attendance. Meeting ID: 914 5967 0426 Passcode: tF2xnF<\/p>\n\n\n\n<p class=\" translation-block\">Call for workshop <em>Collocations from a semantic perspective<\/em> which will be held by Project asssociate Christine Konecny, associate professor from the University of Innsbruck (Austria). The workshop will be held online on May 22nd 2021, from 14:30-16:30 h, via Microsoft Teams platform. <a rel=\"noreferrer noopener\" href=\"https:\/\/teams.microsoft.com\/l\/team\/19b30bcb413b7e445c9579884db97c7da5thread.tacv2\/conversations?groupId=8f5c22e0-6054-4217-809d-c4fda348ac79&amp;tenantId=94aa9436-2653-434c-bd47-1124432cb7d7\" target=\"_blank\">Link<\/a> for workshop attendance.<\/p>\n\n\n\n<p class=\" translation-block\">Call for workshop <em>Collocations from a semantic perspective<\/em> which will be held by Project asssociate Christine Konecny, associate professor from the University of Innsbruck (Austria). The workshop will be held online on 8th &amp; 15th of April 2021, from 14:30-16:30 h, via Microsoft Teams platform. <a rel=\"noreferrer noopener\" href=\"https:\/\/teams.microsoft.com\/l\/team\/19b30bcb413b7e445c9579884db97c7da5thread.tacv2\/conversations?groupId=8f5c22e0-6054-4217-809d-c4fda348ac79&amp;tenantId=94aa9436-2653-434c-bd47-1124432cb7d7\" target=\"_blank\">Link<\/a> for workshop attendance.<\/p>\n\n\n\n<p class=\" translation-block\">Call for workshop <em>Fundamental Insights into the Automatic Identification of Metaphorical Collocations <\/em> which will be held by Project associates Marija Brki\u0107 Bakari\u0107 and Lucia Na\u010dinovi\u0107 Prskalo, professors at the Department for informatics at the University of Rijeka. The workshop will be held online on April 1st 2021, from 14:30 - 16:30 h, via Microsoft Teams platform. <a rel=\"noreferrer noopener\" href=\"https:\/\/teams.microsoft.com\/l\/meetup-join\/19b30bcb413b7e445c9579884db97c7da5thread.tacv2\/1617200901306?context=Tid94aa9436-2653-434c-bd47-1124432cb7d7Oid38a7c4da-dce9-40bf-add5-7246903dcd93\" target=\"_blank\">Link<\/a> for workshop attendance.<\/p>\n\n\n\n<p class=\" translation-block\">Call for workshop <em>Fundamental Insights into the Automatic Identification of Metaphorical Collocations <\/em> which will be held by Project associates Marija Brki\u0107 Bakari\u0107 and Lucia Na\u010dinovi\u0107 Prskalo, professors at the Department for informatics at the University of Rijeka. The workshop will be held online on March 25th 2021, from 14:30 - 16:30 h, via Microsoft Teams platform. <a rel=\"noreferrer noopener\" href=\"https:\/\/teams.microsoft.com\/l\/meetup-join\/19b30bcb413b7e445c9579884db97c7da5thread.tacv2\/1617200901306?context=Tid94aa9436-2653-434c-bd47-1124432cb7d7Oid38a7c4da-dce9-40bf-add5-7246903dcd93\" target=\"_blank\">Link<\/a> for workshop attendance.<\/p>\n\n\n\n<p><\/p>","protected":false},"excerpt":{"rendered":"<p>S ciljem promoviranja teme kao i upoznavanja&nbsp;\u0161ire znanstvene javnosti s razli\u010ditim aspektima istra\u017eivanja u okviru Metakola organiziramo razne aktivnosti na koje su pozvani svi zainteresirani. Pristup online aktivnostima besplatan je. Odr\u017eano izlaganje Jane Jur\u010devi\u0107 na me\u0111unarodnom znanstvenom skupu Odsjeka za &hellip; <a href=\"https:\/\/metakol.uniri.hr\/en\/diseminacijske-aktivnosti\/\">Continue reading <span class=\"meta-nav\">&rarr;<\/span><\/a><\/p>","protected":false},"author":2,"featured_media":0,"parent":0,"menu_order":0,"comment_status":"closed","ping_status":"closed","template":"","meta":{"footnotes":""},"class_list":["post-262","page","type-page","status-publish","hentry"],"_links":{"self":[{"href":"https:\/\/metakol.uniri.hr\/en\/wp-json\/wp\/v2\/pages\/262","targetHints":{"allow":["GET"]}}],"collection":[{"href":"https:\/\/metakol.uniri.hr\/en\/wp-json\/wp\/v2\/pages"}],"about":[{"href":"https:\/\/metakol.uniri.hr\/en\/wp-json\/wp\/v2\/types\/page"}],"author":[{"embeddable":true,"href":"https:\/\/metakol.uniri.hr\/en\/wp-json\/wp\/v2\/users\/2"}],"replies":[{"embeddable":true,"href":"https:\/\/metakol.uniri.hr\/en\/wp-json\/wp\/v2\/comments?post=262"}],"version-history":[{"count":18,"href":"https:\/\/metakol.uniri.hr\/en\/wp-json\/wp\/v2\/pages\/262\/revisions"}],"predecessor-version":[{"id":1276,"href":"https:\/\/metakol.uniri.hr\/en\/wp-json\/wp\/v2\/pages\/262\/revisions\/1276"}],"wp:attachment":[{"href":"https:\/\/metakol.uniri.hr\/en\/wp-json\/wp\/v2\/media?parent=262"}],"curies":[{"name":"wp","href":"https:\/\/api.w.org\/{rel}","templated":true}]}}