{"id":231,"date":"2022-01-10T15:56:13","date_gmt":"2022-01-10T15:56:13","guid":{"rendered":"https:\/\/metakol.uniri.hr\/?page_id=231"},"modified":"2025-02-03T09:30:46","modified_gmt":"2025-02-03T09:30:46","slug":"popisi","status":"publish","type":"page","link":"https:\/\/metakol.uniri.hr\/en\/popisi\/","title":{"rendered":"Inventari"},"content":{"rendered":"<p>Sveobuhvatan popis metafori\u010dkih kolokacija s primjerima konteksta dostupan je kroz interaktivnu aplikaciju na <a href=\"https:\/\/app-metakol.uniri.hr\/\">https:\/\/app-metakol.uniri.hr\/<\/a>.<\/p>\n\n\n\n<p>U slu\u010daju kori\u0161tenja inventara, molimo citirajte sljede\u0107e radove:<\/p>\n\n\n\n<p>Hrvatski inventar:<\/p>\n\n\n\n<ul class=\"wp-block-list\">\n<li>Stoji\u0107, A. i Mate\u0161i\u0107, M. (2024). Metaphorical Potential of Lexical Collocations: the Case of the Noun Prilika, Slavia Centralis, 17 (1), 55-76.<\/li>\n\n\n\n<li>Ko\u0161uta, N. (2024). Metafori\u010dke kolokacije u hrvatskome jeziku na primjeru imenica koje ozna\u010davaju djelovanje, Slavisti\u010dna Revija, 72 (2), 167-179.<\/li>\n\n\n\n<li>Brki\u0107 Bakari\u0107, M., Na\u010dinovi\u0107 Prskalo, L. i Mateti\u0107, M. (2023). Insights Into Automatic Extraction of Metaphorical Collocations.\u00a0Rasprave\u00a0Instituta za hrvatski jezik, 49 (1), 1-32.\u00a0<a href=\"https:\/\/doi.org\/10.31724\/rihjj.49.1.1\" target=\"_blank\" rel=\"noreferrer noopener\">https:\/\/doi.org\/10.31724\/rihjj.49.1.1<\/a><\/li>\n<\/ul>\n\n\n\n<p>Engleski inventar:<\/p>\n\n\n\n<ul class=\"wp-block-list\">\n<li>Dobri\u0107 Basane\u017ee, K. (2024). A Corpus-Based Contrastive Analysis of Metaphorical Collocations of the Terms Right and Pravo: Do Different Legal Cultures Give Rise to Different Metaphors?, ELOPE: English Language Overseas Perspectives and Enquiries, 21 (1), 169-183.\u00a0<\/li>\n\n\n\n<li>Jur\u010devi\u0107, J. (2024).\u00a0<a href=\"https:\/\/journals.uni-lj.si\/Vestnik\/article\/view\/17139\/17701\" target=\"_blank\" rel=\"noreferrer noopener\">Lexical Synaestesia in Metaphorical Collocations: Collocational Bonding of Gustatory Adjectives in English.<\/a>\u00a0Journal for Foreign Languages. 16 (1), 63-82.<\/li>\n\n\n\n<li>Brki\u0107 Bakari\u0107, M., Na\u010dinovi\u0107 Prskalo, L. i Mateti\u0107, M. (2023). Insights Into Automatic Extraction of Metaphorical Collocations.\u00a0Rasprave\u00a0Instituta za hrvatski jezik, 49 (1), 1-32.\u00a0<a href=\"https:\/\/doi.org\/10.31724\/rihjj.49.1.1\" target=\"_blank\" rel=\"noreferrer noopener\">https:\/\/doi.org\/10.31724\/rihjj.49.1.1<\/a><\/li>\n<\/ul>\n\n\n\n<p>Talijanski inventar:<\/p>\n\n\n\n<ul class=\"wp-block-list\">\n<li>Konecny, C. (2023). Le collocazioni metaforiche: alcune riflessioni fra teoria e prassi linguistica, Studia Romanica et Anglica Zagrabiensia : Revue publi\u00e9e par les Sections romane, italienne et anglaise de la Facult\u00e9 des Lettres de l\u2019Universit\u00e9 de Zagreb, Vol. 68, 3-40, 2023.<\/li>\n\n\n\n<li>Brki\u0107 Bakari\u0107, M., Na\u010dinovi\u0107 Prskalo, L. i Mateti\u0107, M. (2023). Insights Into Automatic Extraction of Metaphorical Collocations.\u00a0Rasprave\u00a0Instituta za hrvatski jezik, 49 (1), 1-32.\u00a0<a href=\"https:\/\/doi.org\/10.31724\/rihjj.49.1.1\" target=\"_blank\" rel=\"noreferrer noopener\">https:\/\/doi.org\/10.31724\/rihjj.49.1.1<\/a><\/li>\n<\/ul>\n\n\n\n<p>Njema\u010dki inventar:<\/p>\n\n\n\n<ul class=\"wp-block-list\">\n<li>Keglevi\u0107 Bla\u017eevi\u0107, A. (2022). Metaphorische Kollokationen \u2013 zum Problem ihrer theoretischen Festlegung und empirischen Erforschung. Slavia Centralis, 15(1), 190-200.<\/li>\n\n\n\n<li>Brki\u0107 Bakari\u0107, M., Na\u010dinovi\u0107 Prskalo, L. i Mateti\u0107, M. (2023). Insights Into Automatic Extraction of Metaphorical Collocations.\u00a0Rasprave\u00a0Instituta za hrvatski jezik, 49 (1), 1-32.\u00a0<a href=\"https:\/\/doi.org\/10.31724\/rihjj.49.1.1\" target=\"_blank\" rel=\"noreferrer noopener\">https:\/\/doi.org\/10.31724\/rihjj.49.1.1<\/a><\/li>\n<\/ul>\n\n\n\n<div data-wp-interactive=\"core\/file\" class=\"wp-block-file\"><object data-wp-bind--hidden=\"!state.hasPdfPreview\" hidden class=\"wp-block-file__embed\" data=\"https:\/\/metakol.uniri.hr\/wp-content\/uploads\/2022\/01\/Popis-imenica.pdf\" type=\"application\/pdf\" style=\"width:100%;height:600px\" aria-label=\"Embed of Popis-imenica.\"><\/object><a href=\"https:\/\/metakol.uniri.hr\/wp-content\/uploads\/2022\/01\/Popis-imenica.pdf\">List-nouns<\/a><a href=\"https:\/\/metakol.uniri.hr\/wp-content\/uploads\/2022\/01\/Popis-imenica.pdf\" class=\"wp-block-file__button wp-element-button\" download>Download<\/a><\/div>\n\n\n\n<div class=\"wp-block-file\"><a href=\"https:\/\/metakol.uniri.hr\/wp-content\/uploads\/2022\/01\/Popis-imenica_excel1.xlsx\">List-nouns_excel1<\/a><a href=\"https:\/\/metakol.uniri.hr\/wp-content\/uploads\/2022\/01\/Popis-imenica_excel1.xlsx\" class=\"wp-block-file__button wp-element-button\" download>Download<\/a><\/div>\n\n\n\n<div class=\"wp-block-file\"><a href=\"https:\/\/metakol.uniri.hr\/wp-content\/uploads\/2022\/01\/Popis-imenica_excel2.xlsx\">List-nouns_excel2<\/a><a href=\"https:\/\/metakol.uniri.hr\/wp-content\/uploads\/2022\/01\/Popis-imenica_excel2.xlsx\" class=\"wp-block-file__button wp-element-button\" download>Download<\/a><\/div>","protected":false},"excerpt":{"rendered":"<p>Sveobuhvatan popis metafori\u010dkih kolokacija s primjerima konteksta dostupan je kroz interaktivnu aplikaciju na https:\/\/app-metakol.uniri.hr\/. U slu\u010daju kori\u0161tenja inventara, molimo citirajte sljede\u0107e radove: Hrvatski inventar: Engleski inventar: Talijanski inventar: Njema\u010dki inventar:<\/p>","protected":false},"author":2,"featured_media":0,"parent":0,"menu_order":0,"comment_status":"closed","ping_status":"closed","template":"","meta":{"footnotes":""},"class_list":["post-231","page","type-page","status-publish","hentry"],"_links":{"self":[{"href":"https:\/\/metakol.uniri.hr\/en\/wp-json\/wp\/v2\/pages\/231","targetHints":{"allow":["GET"]}}],"collection":[{"href":"https:\/\/metakol.uniri.hr\/en\/wp-json\/wp\/v2\/pages"}],"about":[{"href":"https:\/\/metakol.uniri.hr\/en\/wp-json\/wp\/v2\/types\/page"}],"author":[{"embeddable":true,"href":"https:\/\/metakol.uniri.hr\/en\/wp-json\/wp\/v2\/users\/2"}],"replies":[{"embeddable":true,"href":"https:\/\/metakol.uniri.hr\/en\/wp-json\/wp\/v2\/comments?post=231"}],"version-history":[{"count":5,"href":"https:\/\/metakol.uniri.hr\/en\/wp-json\/wp\/v2\/pages\/231\/revisions"}],"predecessor-version":[{"id":1288,"href":"https:\/\/metakol.uniri.hr\/en\/wp-json\/wp\/v2\/pages\/231\/revisions\/1288"}],"wp:attachment":[{"href":"https:\/\/metakol.uniri.hr\/en\/wp-json\/wp\/v2\/media?parent=231"}],"curies":[{"name":"wp","href":"https:\/\/api.w.org\/{rel}","templated":true}]}}