{"id":19,"date":"2021-01-31T08:18:47","date_gmt":"2021-01-31T08:18:47","guid":{"rendered":"https:\/\/metakol.uniri.hr\/?page_id=19"},"modified":"2023-07-07T09:36:05","modified_gmt":"2023-07-07T09:36:05","slug":"kontakti","status":"publish","type":"page","link":"https:\/\/metakol.uniri.hr\/en\/kontakti\/","title":{"rendered":"Contacts"},"content":{"rendered":"<p><strong>Full professor Aneta Stoji\u0107, PhD<\/strong><\/p>\n\n\n\n<p><a href=\"mailto:astojic@ffri.hr\">astojic@ffri.hr<\/a><\/p>\n\n\n\n<p><strong>Assistant professor Nata\u0161a Ko\u0161uta, PhD<\/strong><\/p>\n\n\n\n<p><a href=\"mailto:nkosuta@ffri.hr\">nkosuta@ffri.hr<\/a><\/p>\n\n\n\n<p><strong>Associate professor Christine Konecny, PhD<\/strong><\/p>\n\n\n\n<p><a href=\"mailto:Christine.Konecny@uibk.ac.at\" target=\"_blank\" rel=\"noreferrer noopener\">christine.konecny@uibk.ac.at<\/a><\/p>\n\n\n\n<p><strong>Assistant professor Marija Brki\u0107 Bakari\u0107, PhD<\/strong><\/p>\n\n\n\n<p><a href=\"mailto:mbrkic@uniri.hr\" target=\"_blank\" rel=\"noreferrer noopener\">mbrkic@uniri.hr<\/a><\/p>\n\n\n\n<p><strong>Assistant professor Lucia Na\u010dinovi\u0107 Prskalo, PhD<\/strong><\/p>\n\n\n\n<p><a rel=\"noreferrer noopener\" href=\"mailto:lnacinovic@uniri.hr\" data-type=\"mailto\" data-id=\"mailto:lnacinovic@uniri.hr\" target=\"_blank\">lnacinovic@uniri.hr <\/a><\/p>\n\n\n\n<p style=\"font-style:normal;font-weight:700\">Assistant professor Katja Dobri\u0107 Basane\u017ee, PhD<\/p>\n\n\n\n<p><a href=\"\/en\/katja.dobric.basaneze@unipu.hr\/\">katja.dobric.basaneze@unipu.hr<\/a><\/p>\n\n\n\n<p style=\"font-style:normal;font-weight:700\">Postdoctoral researcher Jana Jur\u010devi\u0107, PhD<\/p>\n\n\n\n<p><a href=\"\/en\/jana.jurcevic@uniri.hr\/\">jana.jurcevic@uniri.hr<\/a><\/p>\n\n\n\n<p><strong>Iva Bari\u0107, MA<\/strong><\/p>\n\n\n\n<p><a href=\"mailto:ivab@fthm.hr\" target=\"_blank\" rel=\"noreferrer noopener\">ivab@fthm.hr<\/a><\/p>\n\n\n\n<p style=\"font-style:normal;font-weight:700\"><strong>Ana Keglevi\u0107, MA <\/strong>mag. educ.<\/p>\n\n\n\n<p><a href=\"mailto:akeglevic@ffos.hr\" target=\"_blank\" rel=\"noreferrer noopener\">akeglevic@ffos.hr<\/a><\/p>","protected":false},"excerpt":{"rendered":"<p>prof. dr. sc. Aneta Stoji\u0107 astojic@ffri.hr doc. dr. sc. Nata\u0161a Ko\u0161uta nkosuta@ffri.hr izv. prof. dr. sc. Christine Konecny christine.konecny@uibk.ac.at doc. dr. sc. Marija Brki\u0107 Bakari\u0107 mbrkic@uniri.hr doc. dr. sc. Lucia Na\u010dinovi\u0107 Prskalo lnacinovic@uniri.hr doc. dr. sc. Katja Dobri\u0107 Basane\u017ee katja.dobric.basaneze@unipu.hr &hellip; <a href=\"https:\/\/metakol.uniri.hr\/en\/kontakti\/\">Continue reading <span class=\"meta-nav\">&rarr;<\/span><\/a><\/p>","protected":false},"author":2,"featured_media":0,"parent":0,"menu_order":0,"comment_status":"closed","ping_status":"closed","template":"","meta":{"footnotes":""},"class_list":["post-19","page","type-page","status-publish","hentry"],"_links":{"self":[{"href":"https:\/\/metakol.uniri.hr\/en\/wp-json\/wp\/v2\/pages\/19","targetHints":{"allow":["GET"]}}],"collection":[{"href":"https:\/\/metakol.uniri.hr\/en\/wp-json\/wp\/v2\/pages"}],"about":[{"href":"https:\/\/metakol.uniri.hr\/en\/wp-json\/wp\/v2\/types\/page"}],"author":[{"embeddable":true,"href":"https:\/\/metakol.uniri.hr\/en\/wp-json\/wp\/v2\/users\/2"}],"replies":[{"embeddable":true,"href":"https:\/\/metakol.uniri.hr\/en\/wp-json\/wp\/v2\/comments?post=19"}],"version-history":[{"count":7,"href":"https:\/\/metakol.uniri.hr\/en\/wp-json\/wp\/v2\/pages\/19\/revisions"}],"predecessor-version":[{"id":834,"href":"https:\/\/metakol.uniri.hr\/en\/wp-json\/wp\/v2\/pages\/19\/revisions\/834"}],"wp:attachment":[{"href":"https:\/\/metakol.uniri.hr\/en\/wp-json\/wp\/v2\/media?parent=19"}],"curies":[{"name":"wp","href":"https:\/\/api.w.org\/{rel}","templated":true}]}}