{"id":17,"date":"2021-01-31T08:18:31","date_gmt":"2021-01-31T08:18:31","guid":{"rendered":"https:\/\/metakol.uniri.hr\/?page_id=17"},"modified":"2025-02-03T08:54:51","modified_gmt":"2025-02-03T08:54:51","slug":"radovi","status":"publish","type":"page","link":"https:\/\/metakol.uniri.hr\/en\/radovi\/","title":{"rendered":"Publications"},"content":{"rendered":"<p>Papers written by the members of the project team on the topic of collocations and computational language processing (listed chronologically, starting with the most recent ones):<\/p>\n\n\n\n<p>Nacinovic Prskalo, L. i Brkic Bakaric, M. (2024). Fine-tuning BERT for the task of metaphorical collocations identification. In 2024 8th International Conference on Natural Language Processing and Information Retrieval (NLPIR 2024), December 13\u201315, 2024, Okayama, Japan. ACM, New York, NY, USA, 6 pages. https:\/\/doi.org\/10.1145\/3711542.3711587<\/p>\n\n\n\n<p>Keglevi\u0107 Bla\u017eevi\u0107, A. (2024). <a href=\"https:\/\/hrcak.srce.hr\/clanak\/471199\">Metaphorische Kollokationen mit den Substantiven \u203aZahl\u2039 und \u203aNummer\u2039 \u2013 eine korpusgest\u00fctzte semantische Analyse<\/a>. Zagreber germanistische Beitr\u00e4ge. 33 (1), 189-204.<\/p>\n\n\n\n<p>Dobri\u0107 Basane\u017ee, K. (2024). <a href=\"https:\/\/hrcak.srce.hr\/clanak\/469908\">What do we do with (to) laws and what do laws do to us: A contrastive corpus-based approach to the analysis of metaphorical collocations of the terms law, Gesetz and zakon<\/a>. Jezikoslovlje. 25 (2), 221-238.<\/p>\n\n\n\n<p>Keglevi\u0107 Bla\u017eevi\u0107, A. (2024). <a href=\"https:\/\/hrcak.srce.hr\/clanak\/469321\">Utvr\u0111ivanje i analiza metafori\u010dkih kolokacija \u2013 postupak, izazovi u prikupljanju podataka i rezultati<\/a>. Suvremena lingvistika. 50 (98), 223-235.<\/p>\n\n\n\n<p>Jur\u010devi\u0107, J. (2024). <a href=\"https:\/\/journals.uni-lj.si\/Vestnik\/article\/view\/17139\/17701\" data-type=\"link\" data-id=\"https:\/\/journals.uni-lj.si\/Vestnik\/article\/view\/17139\/17701\">Lexical Synaestesia in Metaphorical Collocations: Collocational Bonding of Gustatory Adjectives in English.<\/a> Journal for Foreign Languages. 16 (1), 63-82.<\/p>\n\n\n\n<p>Stoji\u0107, A. i Konecny, C. (2024). <a href=\"https:\/\/www.degruyter.com\/document\/doi\/10.1515\/phras-2024-0005\/html\">Proposal of a catalogue of criteria for the identification and classification of metaphorical collocations: A qualitative study based on German, Croatian, English, and Italian examples.<\/a> Yearbook of Phraseology. 15(1), 67-100.<\/p>\n\n\n\n<p>Patekar, J. (2024). <a href=\"https:\/\/journals.rudn.ru\/linguistics\/issue\/viewIssue\/1785\/882\">Frittering away the day: Creating an inventory of metaphorical collocations in English \/\/ Russian Journal of Linguistics.<\/a> Vestnik RUDN, 28 (3), 594-614.<\/p>\n\n\n\n<p>Dobri\u0107 Basane\u017ee, K. (2024). <a href=\"https:\/\/hrcak.srce.hr\/319455\">Bearish and Bullish Markets: A Corpus-Based Analysis of Metaphorical Collocations and their Metaphorical Networks,<\/a> Fluminensia, 36 (1), 33-48.<\/p>\n\n\n\n<p>Stoji\u0107, A. i Jur\u010devi\u0107, J. (2024). <a href=\"https:\/\/hrcak.srce.hr\/clanak\/461651\">Uloga konceptualizacije dru\u0161tvenih jedinica mikro-, mezo- i makrorazine u tvorbi metafori\u010dkih kolokacija s osnovama osoba, obitelj i narod<\/a>, Fluminensia, 36 (1), 11-32.<\/p>\n\n\n\n<p>Ko\u0161uta, N. (2024). <a href=\"file:\/\/\/C:\/Users\/jana.jurcevic\/Downloads\/_4_Ko\u0161uta_SR.pdf\">Metafori\u010dke kolokacije u hrvatskome jeziku na primjeru imenica koje ozna\u010davaju djelovanje<\/a>, Slavisti\u010dna Revija, 72 (2), 167-179.<\/p>\n\n\n\n<p>Dobri\u0107 Basane\u017ee, K. (2024). <a href=\"https:\/\/journals.uni-lj.si\/elope\/article\/view\/18180\">A Corpus-Based Contrastive Analysis of Metaphorical Collocations of the Terms <em>Right <\/em>and <em>Pravo<\/em>: Do Different Legal Cultures Give Rise to Different Metaphors?<\/a>, ELOPE: English Language Overseas Perspectives and Enquiries, 21 (1), 169-183.<\/p>\n\n\n\n<p>Stoji\u0107, A. i Mate\u0161i\u0107, M. (2024). <a href=\"https:\/\/journals.um.si\/index.php\/slaviacentralis\/article\/view\/4511\">Metaphorical Potential of Lexical Collocations: the Case of the Noun Prilika<\/a>, Slavia Centralis, 17 (1), 55-76.<\/p>\n\n\n\n<p>Stoji\u0107, A. (2024). <a href=\"https:\/\/izdavastvo.ffri.hr\/wp-content\/uploads\/2024\/03\/Metafori%c4%8dke-kolokacije-Od-konceptualizacije-do-ustaljene-sveze.pdf\">Metafori\u010dke kolokacije \u2013 Od konceptualizacije do ustaljene sveze.<\/a> Rijeka: Filozofski fakultet Sveu\u010dili\u0161ta u Rijeci.<\/p>\n\n\n\n<p>Brki\u0107 Bakari\u0107, M., Na\u010dinovi\u0107 Prskalo, L. i Mateti\u0107, M. (2023). Insights Into Automatic Extraction of Metaphorical Collocations. Rasprave Instituta za hrvatski jezik, 49 (1), 1-32. https:\/\/doi.org\/10.31724\/rihjj.49.1.1<\/p>\n\n\n\n<p>Konecny, C. (2023). <a href=\"https:\/\/doi.org\/10.17234\/SRAZ.68.1\">Le collocazioni metaforiche: alcune riflessioni fra teoria e prassi linguistica<\/a>, Studia Romanica et Anglica Zagrabiensia : Revue publi\u00e9e par les Sections romane, italienne et anglaise de la Facult\u00e9 des Lettres de l\u2019Universit\u00e9 de Zagreb, Vol. 68, 3-40, 2023.<\/p>\n\n\n\n<p>Brki\u0107 Bakari\u0107, M. i Na\u010dinovi\u0107 Prskalo, L. (2022). <a href=\"https:\/\/epp.hrzz.hr\/UserDocsImages\/ProjektnaDokumentacija\/9843\/pracenje\/Identification%20of%20metaphorical%20collocations%20in%20different%20languages%20-%20similarities%20and%20differences%20TSD20230710183222130.pdf\">Identification of Metaphorical Collocations in Different Languages \u2013 Similarities and Differences<\/a>; Text, Speech and Dialogue. <em>Notice in Computer science<\/em>, Vol. 13502, 102-112. Cham: Springer.<\/p>\n\n\n\n<p>Stoji\u0107, A., Ko\u0161uta N. i Konecny C. (eds.) (2022). <a href=\"https:\/\/metakol.uniri.hr\/wp-content\/uploads\/2022\/11\/Book-of-abstracts_Dubrovnik_5.9..pdf\">Abstractband zur Internationalen Linguistik-Tagung <em>Metaphorische Kollokationen&nbsp;\u2013&nbsp;Von der Theorie zur Praxis<\/em><\/a>, 22. und 23. September 2022 International University Centre Dubrovnik, Kroatien.<\/p>\n\n\n\n<p>Patekar, J. i Ko\u0161uta, N. (2022). <a href=\"http:\/\/rudn.tlcjournal.org\/archive\/6(3)\/6(3)-01.pdf\" target=\"_blank\" rel=\"noreferrer noopener\">Croatian EFL learners&#8217; collocational competence: Congruent and incongruent collocations<\/a>. <em>Training, Language and Culture<\/em>, <em>6<\/em>(3), 9-31.<\/p>\n\n\n\n<p>Stoji\u0107, A. i Ko\u0161uta, N. (2022). <a rel=\"noreferrer noopener\" href=\"https:\/\/hrcak.srce.hr\/file\/405954\" target=\"_blank\">Izrada inventara metafori\u010dkih kolokacija u hrvatskome jeziku &#8211; na primjeru imenice godina<\/a>. <em>Fluminensia<\/em>, <em>34<\/em>(1), 9-29.<\/p>\n\n\n\n<p>Patekar, J. (2022). <a rel=\"noreferrer noopener\" href=\"https:\/\/hrcak.srce.hr\/file\/405925\" target=\"_blank\">What is a metaphorical collocation?<\/a> <em>Fluminensia<\/em>, <em>34<\/em>(1), 31-49.<\/p>\n\n\n\n<p>Brki\u0107 Bakari\u0107, M., Na\u010dinovi\u0107 Prskalo, L. i Popovi\u0107, M. (2022). <a rel=\"noreferrer noopener\" href=\"http:\/\/www.lrec-conf.org\/proceedings\/lrec2022\/workshops\/MWE\/pdf\/2022.mwe2022-1.3.pdf\" target=\"_blank\">A general framework for detecting metaphorical collocations<\/a>. <em>Proceedings of the 18th Workshop on Multiword Expressions<\/em>, 3-8.<\/p>\n\n\n\n<p>Keglevi\u0107 Bla\u017eevi\u0107, A. (2022). <a href=\"https:\/\/journals.um.si\/index.php\/slaviacentralis\/article\/view\/1849\/1588\" target=\"_blank\" rel=\"noreferrer noopener\">Metaphorische Kollokationen &#8211; zum Problem ihrer theoretischen Festlegung und empirischen Erforschung<\/a>. <em>Slavia Centralis<\/em>, <em>15<\/em>(1), 190-200.<\/p>\n\n\n\n<p>Stoji\u0107, A. i Ko\u0161uta, N. (2021). <a rel=\"noreferrer noopener\" href=\"https:\/\/journals.uni-lj.si\/linguistica\/article\/view\/10830\/10130\" target=\"_blank\">Metaphorische Kollokationen &#8211; Einblicke in Eine Korpusbasierte Studie<\/a>. <em>Linguistica<\/em>, <em>61<\/em>(1), 81-91.<\/p>\n\n\n\n<p>Konecny, C. (2021). 21. Kollokationen und Funktionsverbgef\u00fcge. In: Lobin, Antje; Meineke, Eva-Tabea (eds.): Handbuch Italienisch.&nbsp;Sprache, Literatur, Kultur.&nbsp;Berlin: Schmidt.<\/p>\n\n\n\n<p>Brkic Bakaric, M., Babic, N., Matetic, M. (2021). Application-Based Evaluation of<br>Automatic Terminology Extraction. International Journal of Advanced Computer Science and Applications (IJACSA), 12(1), 18-27.<\/p>\n\n\n\n<p>Stoji\u0107, A. i Ko\u0161uta, N. (2020).&nbsp;<a rel=\"noreferrer noopener\" href=\"https:\/\/hrcak.srce.hr\/file\/362497\" target=\"_blank\">Kollokationen in der fremdsprachigen Textproduktion \u2013 am Beispiel des Sprachenpaares Kroatisch-Deutsch<\/a>. Fluminensia, 32(2), 7-31.<\/p>\n\n\n\n<p>Stoji\u0107, A. i Ko\u0161uta, N. (2020). Kollokationen \u2013 Mehrwortverbindungen mit semantisch-pragmatischem Eigenwert. Jazbec, S., Kacjan, B., Leskovich, A. i Ku\u010di\u0161, V. (ur.): Br\u00fccken \u00fcberbr\u00fccken in der Literatur- und Sprachwissenschaft. Hamburg: Verlag Dr. Kova\u010d, 143-154.<\/p>\n\n\n\n<p>Popovic, M., Poncelas, A., Brkic Bakaric, M., Way, A. (2020). <a href=\"https:\/\/www.bib.irb.hr\/1099743\">Neural Machine Translation for translating into Croatian and Serbian<\/a>. U:&nbsp; Zampier, M., Nakov, P., Ljube\u0161i\u0107, N., Tiedeman, J., Scherrer, Y. (ur.): Proceedings of the 7th Workshop on NLP for Similar Languages, Varieties and Dialects. Barcelona: International Committee on Computational Linguistics (ICCL), 102-113.<\/p>\n\n\n\n<p>Brkic Bakaric, Marija; Tonkovic, Kristina; Nacinovic Prskalo, Lucia. <a rel=\"noreferrer noopener\" href=\"https:\/\/thesai.org\/Downloads\/Volume11No5\/Paper_6-Clash_between_Segment_Level_MT_Error_Analysis.pdf\" target=\"_blank\" data-type=\"URL\" data-id=\"https:\/\/thesai.org\/Downloads\/Volume11No5\/Paper_6-Clash_between_Segment_Level_MT_Error_Analysis.pdf\">Clash between Segment-level MT Error Analysis and Selected Lexical Similarity Metrics<\/a>. International Journal of Advanced Computer Science and Applications,&nbsp;11(2020), 5; 35-42.<\/p>\n\n\n\n<p>Stoji\u0107, A. (2019).&nbsp;<a href=\"https:\/\/bib.irb.hr\/datoteka\/1029117.Zur_Semantik_von_Kollokationen.pdf\" target=\"_blank\" rel=\"noreferrer noopener\">Zur Semantik von Kollokationen<\/a>. Linguistica, 59(1), 301-310.<\/p>\n\n\n\n<p>Brkic Bakaric, M., Lalli Pacelat, I. (2019). <a href=\"https:\/\/www.aclweb.org\/anthology\/W19-8702\/\">Parallel corpus of Croatian-Italian Administrative Texts<\/a>. U: Temnikova, I., Or\u0103san, C., Corpas Pastor, G., Mitkov, R. (ur.): Proceedings of the 2nd Workshop on Human-Informed Translation and Interpreting Technology (HiT-IT 2019). Varna, 11-18.<\/p>\n\n\n\n<p>Stoji\u0107, A. (2018). O leksi\u010dkome udru\u017eivanju rije\u010di \u2013 prilog prou\u010davanju kolokacijskih sveza. U: Biblioteka \u010dasopisa Fluminensia: Od fonologije do leksikologije. Zbornik u \u010dast Mariji Turk, 201-214.<\/p>\n\n\n\n<p>Konecny, C. (2018). Valenza e coesione collocazionale: osservazioni su alcuni punti di intersezione tra due fenomeni interrelati. In: Dallabrida, Sara; Cordin, Patrizia (eds.): La grammatica delle valenze. Spunti teorici, strumenti e applicazioni. Firenze: Cesati, 143-161.<\/p>\n\n\n\n<p>Na\u010dinovi\u0107 Prskalo, L.; Brki\u0107 Bakari\u0107, M. (2018). <a href=\"http:\/\/www.ijmlc.org\/vol8\/669-SA030.pdf\">The Role of Homograms in Machine Translation<\/a>. International Journal of Machine Learning and Computing (IJMLC),&nbsp;8(2), 90-97.<\/p>\n\n\n\n<p>Stoji\u0107, A., Ko\u0161uta, N. (2017).&nbsp;<a rel=\"noreferrer noopener\" href=\"https:\/\/hrcak.srce.hr\/file\/282715\" target=\"_blank\">Kolokacijske sveze u mentalnome leksikonu u\u010denika stranoga jezika<\/a>. Fluminensia, 29(2), 7-26.<\/p>\n\n\n\n<p>Bla\u017eevi\u0107, N., Ko\u0161uta, N. (2017). Kolokacije u opisu turisti\u010dke destinacije. Bosnar-Valkovi\u0107, Brigita, Dolores Mi\u0161kulin (ur.): Foreign Languages and Tourism. Opatija: Faculty of Tourism and Hospitality Management, 19-24.<\/p>\n\n\n\n<p>Patekar, J. (2017).&nbsp;<a href=\"http:\/\/darhiv.ffzg.unizg.hr\/id\/eprint\/8942\/1\/Patekar_Jakob_Doktorski_rad_2017_s_poveznicama.pdf\" target=\"_blank\" rel=\"noreferrer noopener\">The influence of Croatian as a mother tongue on written achievement in English as a foreign language among eighth-grade students.<\/a>. Doktorska disertacija. Filozofski fakultet, Zagreb.<\/p>\n\n\n\n<p>Ko\u0161uta, N. (2016).&nbsp;<a href=\"http:\/\/darhiv.ffzg.unizg.hr\/id\/eprint\/7357\/1\/Natasa%20Kosuta_Doktorski%20rad_2016.pdf\" target=\"_blank\" rel=\"noreferrer noopener\">Kolokacijska kompetencija u pisanoj proizvodnji srednjo\u0161kolskih u\u010denika njema\u010dkoga jezika u Hrvatskoj<\/a>. Doktorska disertacija. Filozofski fakultet, Zagreb.<\/p>\n\n\n\n<p>Stoji\u0107, A. (2016).&nbsp;<a rel=\"noreferrer noopener\" href=\"http:\/\/www.kdv.hr\/images\/kdv-info\/KDV_info_48_49_2016.pdf\" target=\"_blank\">Kollokationskompetenz \u2013 theoretische und praktische Ans\u00e4tze<\/a>. U: KDV-Info, 25. 48\/49, 40-51.<\/p>\n\n\n\n<p>Konecny, C.; Autelli, E. (2015). <em>Scale ripide, mobili e a chiocciola \u2013 steile, Roll- und Wendeltreppen.&nbsp;<\/em>Diverse categorie di combinazioni lessicali italiane del tipo &#8216;N + Agg o SPrep&#8217; e i loro equivalenti tedeschi \u2013 un confronto interlinguistico.&nbsp;In: Lavric, Eva; P\u00f6ckl, Wolfgang (eds.):&nbsp;Comparatio delectat II. Akten der VII. Internationalen Arbeitstagung zum romanisch-deutschen und innerromanischen Sprachvergleich, Innsbruck, 6.-8. September 2012.&nbsp;Teil 2. Frankfurt a.M. etc.: Lang, 567-586.<\/p>\n\n\n\n<p>Stoji\u0107, A. (2014): Kollokationen in der Sprach- und Kulturmittlung (am Beispiel des Sprachenpaares Deutsch-Kroatisch). U: \u0110urovi\u0107, A., Ku\u010di\u0161, V. (ur.): Translation und transkulturelle Kommunikation. Belgrad: Philologische Fakult\u00e4t der Universit\u00e4t Belgrad, 81-96.<\/p>\n\n\n\n<p>Stoji\u0107, A., Bari\u0107, I. (2013). Der Erwerb von Kollokationen: Ziele und Methoden. U: Uysal M. (ur.): Sammelband des Internationalen Symposiums: Neue Methoden beim Fremdsprachenerwerb, dargestellt am Blended Learning. Isparta: Fak\u00fclte Kitabevi, 79-104.<\/p>\n\n\n\n<p>Konecny, C. (2014). Unikale Lexeme \u2013 &#8216;Spuren&#8217; der Diachronie in der Synchronie? Eine Analyse anhand ausgew\u00e4hlter italienischer Phraseologismen. In: Melchior, Luca; G\u00f6schl, Albert; Rieger, Rita; Fischer, Michaela; Voit, Andreea (eds.): Spuren.Suche (in) der Romania. Beitr\u00e4ge zum&nbsp;XXVIII. Forum Junge Romanistik in Graz (18.-21. April 2012). Frankfurt a.M. etc.: Lang, 283-298.<\/p>\n\n\n\n<p>Ko\u0161uta, N. (2013).&nbsp;<a rel=\"noreferrer noopener\" href=\"https:\/\/stranijezici.ffzg.unizg.hr\/wp-content\/uploads\/2018\/12\/sj41_3_str263-276.pdf\" target=\"_blank\">O pitanju stjecanja kolokacijske kompetencije u stranome jeziku<\/a>. Strani jezici, 41(3), 263-276.<\/p>\n\n\n\n<p>Konecny, C. (2013). Das Projekt eines neuen italienisch-deutschen Kollokationsw\u00f6rterbuches und sein innovativer Beitrag zur bilingualen Lernerlexikographie. In: Cantarini, Sibilla (ed.):&nbsp;Wortschatz, Wortsch\u00e4tze im Vergleich&nbsp;und W\u00f6rterb\u00fccher. Methoden, Instrumente und neue Perspektiven. Frankfurt a.M. etc.: Lang, 135-159.<\/p>\n\n\n\n<p>Konecny, C.; Konzett, C. (2013): Wortschatzlernen als Vorbereitung auf Sprachmittlungsaufgaben: Lexemkombinationen und kontrastive Wortschatzdidaktik im mehrsprachigen Unterricht. In: Reimann, Daniel; R\u00f6ssler, Andrea (eds.): Sprachmittlung im Fremdsprachenunterricht. T\u00fcbingen: Narr, 261-280.&nbsp;<\/p>\n\n\n\n<p>Konecny, C.; Autelli, E. (2013). Learning Italian phrasemes through their conceptualizations. In: Konecny, Christine; Hallsteinsd\u00f3ttir, Erla; Kacjan, Brigita (eds.): Phraseologie im Sprachunterricht und in der Sprachendidaktik \/ Phraseology in language teaching and in language didactics. Maribor: Mednarodna zalo\u017eba Oddelka za slovanske jezike in knji\u017eevnosti, Filozofska fakulteta, 117-136.<\/p>\n\n\n\n<p>Stoji\u0107, A. (2012).&nbsp;<a href=\"https:\/\/www.webknjizara.hr\/knjige\/sveucilisni-udzbenici\/kolokacije-prilog-teoriji-i-praksi-aneta-stojic\" target=\"_blank\" rel=\"noreferrer noopener\">Kolokacije: Prilog teoriji i praksi<\/a>. Rijeka: Filozofski fakultet Sveu\u010dili\u0161ta u Rijeci.<\/p>\n\n\n\n<p>Stoji\u0107, A., Ko\u0161uta, N. (2012):&nbsp;<a rel=\"noreferrer noopener\" href=\"https:\/\/hrcak.srce.hr\/file\/181068\" target=\"_blank\">Zur Abgrenzung von Mehrwortverbindungen<\/a>. Zagreber germanistische Beitr\u00e4ge, 21, 359-373.<\/p>\n\n\n\n<p>Konecny, C.; Bradl-Albrich, M. (2012). Siehst du den &#8216;tanzenden&#8217; Zahn? Memorisieren lexikalischer Kollokationen des Italienischen als L2-Sprache mit Hilfe einer erweiterten&nbsp;<em>keyword<\/em>-Methode. In: Hinger, Barbara; Unterrainer, Eva Maria; Newby, David (eds.): Sprachen lernen: Kompetenzen entwickeln \u2013 Performanzen (\u00fcber)pr\u00fcfen. Tagungsband der 5. Tagung der \u00d6sterreichischen Gesellschaft f\u00fcr Sprachdidaktik (\u00d6GSD): Innsbruck, 23.-25. September 2010. Wien: Praesens, 214-235.&nbsp;<\/p>\n\n\n\n<p>Stoji\u0107, A., \u0160tigli\u0107, T. (2011.).&nbsp;<a rel=\"noreferrer noopener\" href=\"https:\/\/hrcak.srce.hr\/file\/112772\" target=\"_blank\">Kollokationen im deutsch-kroatischen Sprachvergleich<\/a>. Jezikoslovlje, 12(2), 263-282.<\/p>\n\n\n\n<p>Konecny, C. (2011). Von &#8216;eingepflanzten&#8217; N\u00e4geln zu &#8216;hinuntergeschluckten&#8217; Tr\u00e4nen und &#8216;jungfr\u00e4ulichen&#8217; DVDs. Die Konzeptualisierung von Wissen in denotativ \u00e4quivalenten italienischen und deutschen Kollokationen und deren lexikographische Repr\u00e4sentation. In: Kittler, Judith; Nickenig, Annika; Siebenborn, Eva; del Valle, Victoria (eds.): Repr\u00e4sentationsformen von Wissen. Beitr\u00e4ge zum XXVI. Forum Junge Romanistik in Bochum (26.-29. Mai 2010). M\u00fcnchen: Martin Meidenbauer, 115-133.<\/p>\n\n\n\n<p>Stoji\u0107, A., Murica, S. (2010).&nbsp;<a rel=\"noreferrer noopener\" href=\"https:\/\/hrcak.srce.hr\/file\/97884\" target=\"_blank\">Kolokacije \u2013 teorijska razmatranja i primjena u praksi na primjerima iz hrvatskoga i njema\u010dkoga jezika<\/a>. Fluminensia, 22(2), 111-125.<\/p>\n\n\n\n<p>Konecny, C. (2010). Le collocazioni lessicali \u2013 proposta per una classificazione semantica. In: Iliescu, Maria; Siller-Runggaldier, Heidi; Danler, Paul (eds.): Actes du XXVe Congr\u00e8s International de Linguistique et de Philologie Romanes (= CILPR 2007), Innsbruck, 3-8 septembre 2007. Vol. III. Berlin; New York: De Gruyter, 125-134.<\/p>\n\n\n\n<p>Konecny, C. (2010). Kollokationen. Versuch einer semantisch-begrifflichen Ann\u00e4herung und Klassifizierung anhand italienischer Beispiele. M\u00fcnchen: Martin Meidenbauer [Forum Sprachwissenschaften; 8].<\/p>\n\n\n\n<p>Bla\u017eevi\u0107 N., Ko\u0161uta (Ron\u010devi\u0107), N. (2004). Lexical approach to teaching german in tourism. Ivanovi\u0107, Zoran, ur. New Trends in Tourism and Hospitality Management, Tourism and Hospitality Industry, Vol. 1. Opatija: Faculty of Tourism and Hospitality Management, 59-66.<\/p>","protected":false},"excerpt":{"rendered":"<p>Radovi \u010dlanova o kolokacijama i ra\u010dunalnoj obradi jezika (kronolo\u0161ki, od novijih): Nacinovic Prskalo, L. i Brkic Bakaric, M. (2024). Fine-tuning BERT for the task of metaphorical collocations identification. In 2024 8th International Conference on Natural Language Processing and Information Retrieval &hellip; <a href=\"https:\/\/metakol.uniri.hr\/en\/radovi\/\">Continue reading <span class=\"meta-nav\">&rarr;<\/span><\/a><\/p>","protected":false},"author":2,"featured_media":0,"parent":0,"menu_order":0,"comment_status":"closed","ping_status":"closed","template":"","meta":{"footnotes":""},"class_list":["post-17","page","type-page","status-publish","hentry"],"_links":{"self":[{"href":"https:\/\/metakol.uniri.hr\/en\/wp-json\/wp\/v2\/pages\/17","targetHints":{"allow":["GET"]}}],"collection":[{"href":"https:\/\/metakol.uniri.hr\/en\/wp-json\/wp\/v2\/pages"}],"about":[{"href":"https:\/\/metakol.uniri.hr\/en\/wp-json\/wp\/v2\/types\/page"}],"author":[{"embeddable":true,"href":"https:\/\/metakol.uniri.hr\/en\/wp-json\/wp\/v2\/users\/2"}],"replies":[{"embeddable":true,"href":"https:\/\/metakol.uniri.hr\/en\/wp-json\/wp\/v2\/comments?post=17"}],"version-history":[{"count":31,"href":"https:\/\/metakol.uniri.hr\/en\/wp-json\/wp\/v2\/pages\/17\/revisions"}],"predecessor-version":[{"id":1284,"href":"https:\/\/metakol.uniri.hr\/en\/wp-json\/wp\/v2\/pages\/17\/revisions\/1284"}],"wp:attachment":[{"href":"https:\/\/metakol.uniri.hr\/en\/wp-json\/wp\/v2\/media?parent=17"}],"curies":[{"name":"wp","href":"https:\/\/api.w.org\/{rel}","templated":true}]}}