{"id":15,"date":"2021-01-31T08:18:39","date_gmt":"2021-01-31T08:18:39","guid":{"rendered":"https:\/\/metakol.uniri.hr\/?page_id=15"},"modified":"2024-04-11T10:30:07","modified_gmt":"2024-04-11T10:30:07","slug":"suradnicki-tim","status":"publish","type":"page","link":"https:\/\/metakol.uniri.hr\/en\/suradnicki-tim\/","title":{"rendered":"Project team"},"content":{"rendered":"<p><strong>Project team leader<\/strong><\/p>\n\n\n\n<p><a href=\"https:\/\/portal.uniri.hr\/Portfelj\/1055\" data-type=\"URL\" data-id=\"https:\/\/portal.uniri.hr\/Portfelj\/1055\" target=\"_blank\" rel=\"noreferrer noopener\">Full professor Aneta Stoji\u0107, PhD<\/a><\/p>\n\n\n\n<div class=\"wp-block-media-text alignwide is-stacked-on-mobile\"><figure class=\"wp-block-media-text__media\"><img loading=\"lazy\" decoding=\"async\" width=\"684\" height=\"1024\" src=\"https:\/\/metakol.uniri.hr\/wp-content\/uploads\/2021\/01\/foto_Aneta-684x1024.jpg\" alt=\"\" class=\"wp-image-43 size-full\" srcset=\"https:\/\/metakol.uniri.hr\/wp-content\/uploads\/2021\/01\/foto_Aneta-684x1024.jpg 684w, https:\/\/metakol.uniri.hr\/wp-content\/uploads\/2021\/01\/foto_Aneta-200x300.jpg 200w, https:\/\/metakol.uniri.hr\/wp-content\/uploads\/2021\/01\/foto_Aneta-768x1151.jpg 768w, https:\/\/metakol.uniri.hr\/wp-content\/uploads\/2021\/01\/foto_Aneta-1025x1536.jpg 1025w, https:\/\/metakol.uniri.hr\/wp-content\/uploads\/2021\/01\/foto_Aneta-1367x2048.jpg 1367w, https:\/\/metakol.uniri.hr\/wp-content\/uploads\/2021\/01\/foto_Aneta-scaled.jpg 1709w\" sizes=\"auto, (max-width: 684px) 100vw, 684px\" \/><\/figure><div class=\"wp-block-media-text__content\">\n<p style=\"font-size:15px\">Aneta Stoji\u0107 graduated in German language and literature and French language and literature in Zadar in 1996. She completed her postgraduate studies in General linguistics in 2006 at the University of Zadar, where she obtained her PhD. Since 1998, she has been working at the Department of German Studies, Faculty of Humanities and Social Sciences at the University of Rijeka. She became a professor in 2012 and since then she has been teaching linguistic courses at the Department. In her scientific work, she deals with lexicological, phraseological and contact linguistic phenomena in Croatian and German language. She is head of the postgraduate specialist study in translation. She is the scientific director of  Rijeka's Austrian Library.<\/p>\n<\/div><\/div>\n\n\n\n<p><strong>Associate<\/strong><\/p>\n\n\n\n<p><a href=\"https:\/\/portal.uniri.hr\/Portfelj\/1051\" data-type=\"URL\" data-id=\"https:\/\/portal.uniri.hr\/Portfelj\/1051\" target=\"_blank\" rel=\"noreferrer noopener\">Assistant professor Nata\u0161a Ko\u0161uta, PhD<\/a><\/p>\n\n\n\n<div class=\"wp-block-media-text alignwide is-stacked-on-mobile\"><figure class=\"wp-block-media-text__media\"><img loading=\"lazy\" decoding=\"async\" width=\"680\" height=\"1024\" src=\"https:\/\/metakol.uniri.hr\/wp-content\/uploads\/2021\/02\/Slika_001_Kos\u030cuta-680x1024.jpg\" alt=\"\" class=\"wp-image-64 size-full\" srcset=\"https:\/\/metakol.uniri.hr\/wp-content\/uploads\/2021\/02\/Slika_001_Kos\u030cuta-680x1024.jpg 680w, https:\/\/metakol.uniri.hr\/wp-content\/uploads\/2021\/02\/Slika_001_Kos\u030cuta-199x300.jpg 199w, https:\/\/metakol.uniri.hr\/wp-content\/uploads\/2021\/02\/Slika_001_Kos\u030cuta-768x1156.jpg 768w, https:\/\/metakol.uniri.hr\/wp-content\/uploads\/2021\/02\/Slika_001_Kos\u030cuta-1020x1536.jpg 1020w, https:\/\/metakol.uniri.hr\/wp-content\/uploads\/2021\/02\/Slika_001_Kos\u030cuta-1360x2048.jpg 1360w, https:\/\/metakol.uniri.hr\/wp-content\/uploads\/2021\/02\/Slika_001_Kos\u030cuta.jpg 1424w\" sizes=\"auto, (max-width: 680px) 100vw, 680px\" \/><\/figure><div class=\"wp-block-media-text__content\">\n<p style=\"font-size:15px\">Nata\u0161a Ko\u0161uta completed her studies in Croatian language and literature and German language and literature at the Faculty of Humanities and Social Sciences in Rijeka, and in 2016 she received her doctorate in the framework of the postgraduate doctoral study of glottodidactics at the Faculty of Humanities and Social Sciences at the University of Zagreb by defending her doctoral thesis titled \"Collocation competence in the written production of high school students of the German language in Croatia\" under the supervision of professor Aneta Stoji\u0107. She is employed at the Department of German Studies, Faculty of Humanities and Social Sciences at the University of Rijeka. Her research \u200b\u200binterests include the process of mastering a foreign language, early foreign language learning and collocations.<\/p>\n<\/div><\/div>\n\n\n\n<p><strong>Associate<\/strong><\/p>\n\n\n\n<p><a rel=\"noreferrer noopener\" href=\"https:\/\/www.uibk.ac.at\/romanistik\/personal\/konecny\/\" data-type=\"URL\" data-id=\"https:\/\/www.uibk.ac.at\/romanistik\/personal\/konecny\/\" target=\"_blank\">Associate professor Christine Konecny, PhD<\/a><\/p>\n\n\n\n<div class=\"wp-block-media-text alignwide is-stacked-on-mobile\"><figure class=\"wp-block-media-text__media\"><img loading=\"lazy\" decoding=\"async\" width=\"866\" height=\"1024\" src=\"https:\/\/metakol.uniri.hr\/wp-content\/uploads\/2021\/02\/kk-866x1024.jpg\" alt=\"\" class=\"wp-image-94 size-full\" srcset=\"https:\/\/metakol.uniri.hr\/wp-content\/uploads\/2021\/02\/kk-866x1024.jpg 866w, https:\/\/metakol.uniri.hr\/wp-content\/uploads\/2021\/02\/kk-254x300.jpg 254w, https:\/\/metakol.uniri.hr\/wp-content\/uploads\/2021\/02\/kk-768x909.jpg 768w, https:\/\/metakol.uniri.hr\/wp-content\/uploads\/2021\/02\/kk.jpg 1142w\" sizes=\"auto, (max-width: 866px) 100vw, 866px\" \/><\/figure><div class=\"wp-block-media-text__content\">\n<p style=\"font-size:15px\">Christine Konecny \u200b\u200bgraduated from the University of Innsbruck with a master's degree in Latin and Italian (teaching major) in 2002. She also received a doctorate there in 2008. In 2015, she completed her habilitation and has been an associate professor of Italian linguistics ever since. She is considered an expert in phraseology, and she gained a reputation in this field primarily with her award-winning dissertation on collocations in the Italian language. She was also the head of two research projects: \"Italian-German collocations\" and \u201eLeKo \u2013 lexeme combinations and typified speech in a multilingual context\u201d. Since 2018, she has been a collaborator on the projects \"GEPHRAS\" and \"GEPHRAS2\" (https:\/\/romanistik-gephras.uibk.ac.at\/), which are dedicated to the phraseological inventory of Genoese speech, which is threatened by extinction.<\/p>\n<\/div><\/div>\n\n\n\n<p><strong>Associate<\/strong><\/p>\n\n\n\n<p><a rel=\"noreferrer noopener\" href=\"https:\/\/portal.uniri.hr\/portfelj\/743\" data-type=\"URL\" data-id=\"https:\/\/portal.uniri.hr\/portfelj\/743\" target=\"_blank\">Associate professor Marija Brki\u0107 Bakari\u0107, PhD<\/a><\/p>\n\n\n\n<div class=\"wp-block-media-text alignwide is-stacked-on-mobile\"><figure class=\"wp-block-media-text__media\"><img loading=\"lazy\" decoding=\"async\" width=\"777\" height=\"1024\" src=\"https:\/\/metakol.uniri.hr\/wp-content\/uploads\/2021\/01\/mbb-777x1024.jpg\" alt=\"\" class=\"wp-image-42 size-full\" srcset=\"https:\/\/metakol.uniri.hr\/wp-content\/uploads\/2021\/01\/mbb-777x1024.jpg 777w, https:\/\/metakol.uniri.hr\/wp-content\/uploads\/2021\/01\/mbb-228x300.jpg 228w, https:\/\/metakol.uniri.hr\/wp-content\/uploads\/2021\/01\/mbb-768x1012.jpg 768w, https:\/\/metakol.uniri.hr\/wp-content\/uploads\/2021\/01\/mbb.jpg 820w\" sizes=\"auto, (max-width: 777px) 100vw, 777px\" \/><\/figure><div class=\"wp-block-media-text__content\">\n<p>Marija Brki\u0107 Bakari\u0107 is an associate professor and senior research associate in the scientific field of social sciences, the field of Information and Communication sciences at the Department of Informatics, University of Rijeka. She graduated in Computer science and English language and literature at the Faculty of Humanities and Social Sciences in Rijeka in 2006, and received her doctorate in Information and Communication sciences at the University of Zagreb in 2013. The subject of Marija Brki\u0107 Bakari\u0107's scientific research is the application of machine learning procedures in various domains, with special emphasis on machine translation, natural language processing in general and in-depth data analysis.<\/p>\n<\/div><\/div>\n\n\n\n<p><strong>Associate<\/strong><\/p>\n\n\n\n<p><a href=\"http:\/\/portal.uniri.hr\/Portfelj\/771\" data-type=\"URL\" data-id=\"http:\/\/portal.uniri.hr\/Portfelj\/771\" target=\"_blank\" rel=\"noreferrer noopener\">Assistant professor Lucia Na\u010dinovi\u0107 Prskalo, PhD<\/a><\/p>\n\n\n\n<div class=\"wp-block-media-text alignwide is-stacked-on-mobile\"><figure class=\"wp-block-media-text__media\"><img loading=\"lazy\" decoding=\"async\" width=\"768\" height=\"1024\" src=\"https:\/\/metakol.uniri.hr\/wp-content\/uploads\/2021\/01\/Lucia-768x1024.jpg\" alt=\"\" class=\"wp-image-41 size-full\" srcset=\"https:\/\/metakol.uniri.hr\/wp-content\/uploads\/2021\/01\/Lucia-768x1024.jpg 768w, https:\/\/metakol.uniri.hr\/wp-content\/uploads\/2021\/01\/Lucia-225x300.jpg 225w, https:\/\/metakol.uniri.hr\/wp-content\/uploads\/2021\/01\/Lucia-1152x1536.jpg 1152w, https:\/\/metakol.uniri.hr\/wp-content\/uploads\/2021\/01\/Lucia-1536x2048.jpg 1536w, https:\/\/metakol.uniri.hr\/wp-content\/uploads\/2021\/01\/Lucia-scaled.jpg 1920w\" sizes=\"auto, (max-width: 768px) 100vw, 768px\" \/><\/figure><div class=\"wp-block-media-text__content\">\n<p style=\"font-size:15px\">Lucia Na\u010dinovi\u0107 Prskalo is an assistant professor at the Department of Informatics at the University of Rijeka. She graduated in Computer science and English language and literature at the Faculty of Humanities and Social Sciences in Rijeka in 2008. She obtained her PhD after completing the postgraduate studies in Information and Communication sciences at the University of Zagreb in 2016. Since 2009, she has been working at the Department of Informatics at the University of Rijeka and participates in the preparation and delivery of classes at undergraduate and graduate levels of studies in informatics. She is currently coordinator of the courses <em>English language for IT professions<\/em>, <em>Dynamic web apps<\/em> i <em>Introduction to web programming<\/em>The field of her scientific research includes computer processing of natural languages, machine translation, data analysis and visualization, creation of web applications, language prosody, speech synthesis, computer-assisted language learning. She has published and reviewed a large number of scientific papers in the aforementioned fields as an author and co-author.<\/p>\n<\/div><\/div>\n\n\n\n<p><strong>Associate<\/strong> <\/p>\n\n\n\n<p><a rel=\"noreferrer noopener\" href=\"https:\/\/portal.uniri.hr\/Portfelj\/Details\/7577\" target=\"_blank\">Postdoctoral researcher Jana Jur\u010devi\u0107, PhD<\/a><\/p>\n\n\n\n<div class=\"wp-block-media-text is-stacked-on-mobile\"><figure class=\"wp-block-media-text__media\"><img loading=\"lazy\" decoding=\"async\" width=\"768\" height=\"1024\" src=\"https:\/\/metakol.uniri.hr\/wp-content\/uploads\/2023\/09\/MetaKol-suradnici_Jana_Jurcevic-768x1024.jpg\" alt=\"\" class=\"wp-image-1085 size-full\" srcset=\"https:\/\/metakol.uniri.hr\/wp-content\/uploads\/2023\/09\/MetaKol-suradnici_Jana_Jurcevic-768x1024.jpg 768w, https:\/\/metakol.uniri.hr\/wp-content\/uploads\/2023\/09\/MetaKol-suradnici_Jana_Jurcevic-225x300.jpg 225w, https:\/\/metakol.uniri.hr\/wp-content\/uploads\/2023\/09\/MetaKol-suradnici_Jana_Jurcevic-1152x1536.jpg 1152w, https:\/\/metakol.uniri.hr\/wp-content\/uploads\/2023\/09\/MetaKol-suradnici_Jana_Jurcevic-1536x2048.jpg 1536w, https:\/\/metakol.uniri.hr\/wp-content\/uploads\/2023\/09\/MetaKol-suradnici_Jana_Jurcevic-9x12.jpg 9w, https:\/\/metakol.uniri.hr\/wp-content\/uploads\/2023\/09\/MetaKol-suradnici_Jana_Jurcevic-scaled.jpg 1920w\" sizes=\"auto, (max-width: 768px) 100vw, 768px\" \/><\/figure><div class=\"wp-block-media-text__content\">\n<p>Jana Jur\u010devi\u0107 completed her graduate studies in Linguistics and Sociology at the Faculty of Humanities and Social Sciences at the University of Zagreb in 2011. From 2012 to 2021, she was employed at the Faculty of Humanities and Social Sciences in Zagreb as a graduate teaching assistant at the Department of Linguistics, where she participated in the courses \"Language in Public and Interpersonal Communication\", \"Linguistics and its Dialects\", \"Applied Linguistics\", \"Discourse Analysis \" and \"Semantics of understanding\". In July 2021, she defended her doctoral dissertation in the field of philology, the branch of linguistics, with a topic in sociopragmatics, at the Postgraduate Doctoral Study in Linguistics at the University of Zagreb, thereby obtaining the academic degree of Doctor of Science in General Linguistics. Her specific areas of interest lie in the domain of pragmalinguistics, sociolinguistics, (critical) discourse analysis, cyber-communication, philosophy of language, semantics, semiotics of digital media and the theory of language evolution.<\/p>\n<\/div><\/div>\n\n\n\n<p><strong>Associate<\/strong><\/p>\n\n\n\n<p><a rel=\"noreferrer noopener\" href=\"https:\/\/www.linkedin.com\/in\/iva-baric-8704359a\/\" data-type=\"URL\" data-id=\"https:\/\/www.linkedin.com\/in\/iva-baric-8704359a\/\" target=\"_blank\">Iva Bari\u0107, MA<\/a><\/p>\n\n\n\n<div class=\"wp-block-media-text alignwide is-stacked-on-mobile\"><figure class=\"wp-block-media-text__media\"><img loading=\"lazy\" decoding=\"async\" width=\"819\" height=\"1024\" src=\"https:\/\/metakol.uniri.hr\/wp-content\/uploads\/2021\/02\/DSC02110_PerfectlyClear-01-819x1024.jpeg\" alt=\"\" class=\"wp-image-70 size-full\" srcset=\"https:\/\/metakol.uniri.hr\/wp-content\/uploads\/2021\/02\/DSC02110_PerfectlyClear-01-819x1024.jpeg 819w, https:\/\/metakol.uniri.hr\/wp-content\/uploads\/2021\/02\/DSC02110_PerfectlyClear-01-240x300.jpeg 240w, https:\/\/metakol.uniri.hr\/wp-content\/uploads\/2021\/02\/DSC02110_PerfectlyClear-01-768x960.jpeg 768w, https:\/\/metakol.uniri.hr\/wp-content\/uploads\/2021\/02\/DSC02110_PerfectlyClear-01-1229x1536.jpeg 1229w, https:\/\/metakol.uniri.hr\/wp-content\/uploads\/2021\/02\/DSC02110_PerfectlyClear-01.jpeg 1419w\" sizes=\"auto, (max-width: 819px) 100vw, 819px\" \/><\/figure><div class=\"wp-block-media-text__content\">\n<p style=\"font-size:15px\">Iva Bari\u0107 has a master's degree in German language and literature and English language and literature since September 2013. She is a lecturer at the Faculty of Tourism and Hospitality Management at the University of Rijeka, at the Department of Foreign Languages. Her fields of interest include applied linguistics, glottodidactics, research on collocations, metalinguistic awareness and cross-linguistic influence. She is currently a PhD student of glottodidactics and investigates differences in cross-linguistic influence, metalinguistic awareness and the level of language acquisition among students who first learn English and then German, or vice versa. She gained experience by working with different age groups in a foreign language school and in a secondary and elementary school.<\/p>\n<\/div><\/div>\n\n\n\n<p><strong>Associate<\/strong><\/p>\n\n\n\n<p><a rel=\"noreferrer noopener\" href=\"https:\/\/www.ffos.unios.hr\/cv\/196\/germanistika\/ana-keglevic\" data-type=\"URL\" data-id=\"https:\/\/www.ffos.unios.hr\/cv\/196\/germanistika\/ana-keglevic\" target=\"_blank\">Ana Keglevi\u0107 Bla\u017eevi\u0107, MA<\/a><\/p>\n\n\n\n<div class=\"wp-block-media-text alignwide is-stacked-on-mobile\"><figure class=\"wp-block-media-text__media\"><img loading=\"lazy\" decoding=\"async\" width=\"768\" height=\"1024\" src=\"https:\/\/metakol.uniri.hr\/wp-content\/uploads\/2021\/01\/A.Keglevic\u0301-1-768x1024.jpg\" alt=\"\" class=\"wp-image-40 size-full\" srcset=\"https:\/\/metakol.uniri.hr\/wp-content\/uploads\/2021\/01\/A.Keglevic\u0301-1-768x1024.jpg 768w, https:\/\/metakol.uniri.hr\/wp-content\/uploads\/2021\/01\/A.Keglevic\u0301-1-225x300.jpg 225w, https:\/\/metakol.uniri.hr\/wp-content\/uploads\/2021\/01\/A.Keglevic\u0301-1-1152x1536.jpg 1152w, https:\/\/metakol.uniri.hr\/wp-content\/uploads\/2021\/01\/A.Keglevic\u0301-1-1536x2048.jpg 1536w, https:\/\/metakol.uniri.hr\/wp-content\/uploads\/2021\/01\/A.Keglevic\u0301-1-scaled.jpg 1920w\" sizes=\"auto, (max-width: 768px) 100vw, 768px\" \/><\/figure><div class=\"wp-block-media-text__content\">\n<p style=\"font-size:15px\">Ana Keglevi\u0107 Bla\u017eevi\u0107 completed the study of German language and literature and English language and literature in 2015, and in 2016 she was employed as a teaching assistant at the Department of German language and literature at the Faculty of Humanities and Social Sciences in Osijek. In 2017, she enrolled in the postgraduate study of German studies at the Faculty of Arts at the University of Maribor. In her doctoral thesis, she dealt with a contrastive analysis of German and Croatian collocations.<\/p>\n<\/div><\/div>\n\n\n\n<p><\/p>\n\n\n\n<p style=\"font-style:normal;font-weight:700\"><strong>Associate<\/strong><\/p>\n\n\n\n<p><a href=\"https:\/\/ffpu.unipu.hr\/ffpu\/katja.dobric_basaneze\">Assistant professor Katja Dobri\u0107 Basane\u017ee, PhD<\/a><\/p>\n\n\n\n<div class=\"wp-block-media-text alignwide is-stacked-on-mobile\"><figure class=\"wp-block-media-text__media\"><img loading=\"lazy\" decoding=\"async\" width=\"558\" height=\"1024\" src=\"https:\/\/metakol.uniri.hr\/wp-content\/uploads\/2023\/07\/katja-558x1024.jpg\" alt=\"\" class=\"wp-image-840 size-full\" srcset=\"https:\/\/metakol.uniri.hr\/wp-content\/uploads\/2023\/07\/katja-558x1024.jpg 558w, https:\/\/metakol.uniri.hr\/wp-content\/uploads\/2023\/07\/katja-163x300.jpg 163w, https:\/\/metakol.uniri.hr\/wp-content\/uploads\/2023\/07\/katja-768x1410.jpg 768w, https:\/\/metakol.uniri.hr\/wp-content\/uploads\/2023\/07\/katja-836x1536.jpg 836w, https:\/\/metakol.uniri.hr\/wp-content\/uploads\/2023\/07\/katja-1115x2048.jpg 1115w, https:\/\/metakol.uniri.hr\/wp-content\/uploads\/2023\/07\/katja-7x12.jpg 7w, https:\/\/metakol.uniri.hr\/wp-content\/uploads\/2023\/07\/katja.jpg 1370w\" sizes=\"auto, (max-width: 558px) 100vw, 558px\" \/><\/figure><div class=\"wp-block-media-text__content\">\n<p class=\" translation-block\">Katja Dobri\u0107 Basane\u017ee is Assistant Professor at the Department of English, Faculty of Humanities, University Juraj Dobrila in Pula. She graduated in English Language and Literature and German Language and Literature at the Faculty of Humanities in Rijeka in 2009. She obtained her PhD degree in Translation Studies at the Faculty of Arts in Ljubljana in 2017. She worked as a lecturer at the Faculty of Medicine and Law in Rijeka, where she taught LSP courses. She is currently coordinator of the courses \"Introduction to Translation\", \"Translation Workshop 1\",\"Lexicography and Lexicology\", \"English Language Morphology and Syntax\", and \"Basic Linguistic Concepts\". Her areas of scientific interest include LSP phraseology and terminology, legal translation and corpus linguistics.<\/p>\n\n\n\n<p><\/p>\n<\/div><\/div>\n\n\n\n<p style=\"font-style:normal;font-weight:700\">Associate<\/p>\n\n\n\n<p><a href=\"https:\/\/hr.linkedin.com\/in\/jakobpatekar\">Associate professor Jakob Patekar, PhD<\/a> (2021.-2023.)<\/p>\n\n\n\n<div class=\"wp-block-media-text is-stacked-on-mobile\"><figure class=\"wp-block-media-text__media\"><img loading=\"lazy\" decoding=\"async\" width=\"719\" height=\"1024\" src=\"https:\/\/metakol.uniri.hr\/wp-content\/uploads\/2023\/09\/Jakob_Patekar_format-719x1024-1.png\" alt=\"\" class=\"wp-image-1086 size-full\" srcset=\"https:\/\/metakol.uniri.hr\/wp-content\/uploads\/2023\/09\/Jakob_Patekar_format-719x1024-1.png 719w, https:\/\/metakol.uniri.hr\/wp-content\/uploads\/2023\/09\/Jakob_Patekar_format-719x1024-1-211x300.png 211w, https:\/\/metakol.uniri.hr\/wp-content\/uploads\/2023\/09\/Jakob_Patekar_format-719x1024-1-8x12.png 8w\" sizes=\"auto, (max-width: 719px) 100vw, 719px\" \/><\/figure><div class=\"wp-block-media-text__content\">\n<p>Jakob Patekar received his degree in English language and literature and Pedagogy in 2007 at the Faculty of Humanities and Social Sciences at the University of Rijeka, and in 2016 he received his doctorate with a summa cum laude grade within the postgraduate study of Glottodidactics at the Faculty of Humanities and Social Sciences, at the University of Zagreb, defending the thesis \"The influence of Croatian as a mother tongue on written achievement in English as a foreign language among eighth-grade students\". From 2007 to 2016, he taught English at an elementary school in Rijeka. At the beginning of 2017, he was employed at RIT Croatia, where he teaches writing courses and heads the Department of General Education Courses. He has been teaching \"Introduction to learning and teaching English\" at the Faculty of Philosophy in Rijeka as an external associate since 2019.<\/p>\n<\/div><\/div>\n\n\n\n<p><strong>Associate<\/strong><\/p>\n\n\n\n<p><a href=\"https:\/\/portal.uniri.hr\/portfelj\/802\">Associate professor Mihaela Mate\u0161i\u0107, PhD<\/a><\/p>\n\n\n\n<div class=\"wp-block-media-text is-stacked-on-mobile\"><figure class=\"wp-block-media-text__media\"><img loading=\"lazy\" decoding=\"async\" width=\"832\" height=\"1024\" src=\"https:\/\/metakol.uniri.hr\/wp-content\/uploads\/2024\/04\/portfelj-2020-832x1024.jpg\" alt=\"\" class=\"wp-image-1176 size-full\" srcset=\"https:\/\/metakol.uniri.hr\/wp-content\/uploads\/2024\/04\/portfelj-2020-832x1024.jpg 832w, https:\/\/metakol.uniri.hr\/wp-content\/uploads\/2024\/04\/portfelj-2020-244x300.jpg 244w, https:\/\/metakol.uniri.hr\/wp-content\/uploads\/2024\/04\/portfelj-2020-768x946.jpg 768w, https:\/\/metakol.uniri.hr\/wp-content\/uploads\/2024\/04\/portfelj-2020-1247x1536.jpg 1247w, https:\/\/metakol.uniri.hr\/wp-content\/uploads\/2024\/04\/portfelj-2020-1663x2048.jpg 1663w, https:\/\/metakol.uniri.hr\/wp-content\/uploads\/2024\/04\/portfelj-2020-10x12.jpg 10w\" sizes=\"auto, (max-width: 832px) 100vw, 832px\" \/><\/figure><div class=\"wp-block-media-text__content\">\n<p class=\" translation-block\">Mihaela Mate\u0161i\u0107 is an associate professor at the Faculty of Humanities and Social Sciences at the University of Rijeka. At the Department of Croatian Studies at the Faculty of Humanities and Social Sciences in Rijeka, she has participated in teaching  a large number of courses in the field of contemporary Croatian standardology since 1998. As a research associate, she worked on projects supported by the Ministry of Science, Education and Sports and the Croatian Science Foundation. She is a team leader of numerous scientific projects run at the University of Rijeka, as well as a leader of several scientific and developmental projects. She is also a member of the Language Research Center at the Faculty of Humanities and Social Sciences in Rijeka, the Slavic Linguistic Society and the Croatian Society for Applied Linguistics. Finally, she has authored numerous scientific articles, one scientific book and co-edited several books published by reputable publishers.<\/p>\n<\/div><\/div>","protected":false},"excerpt":{"rendered":"<p>Voditeljica prof. dr. sc. Aneta Stoji\u0107 Aneta Stoji\u0107 diplomirala je njema\u010dki jezik i knji\u017eevnost i francuski jezik i knji\u017eevnost u Zadru 1996. godine. Poslijediplomski studij iz op\u0107e lingvistike zavr\u0161ila je 2006. godine na Sveu\u010dili\u0161tu u Zadru gdje je stekla titulu &hellip; <a href=\"https:\/\/metakol.uniri.hr\/en\/suradnicki-tim\/\">Continue reading <span class=\"meta-nav\">&rarr;<\/span><\/a><\/p>","protected":false},"author":2,"featured_media":0,"parent":0,"menu_order":0,"comment_status":"closed","ping_status":"closed","template":"","meta":{"footnotes":""},"class_list":["post-15","page","type-page","status-publish","hentry"],"_links":{"self":[{"href":"https:\/\/metakol.uniri.hr\/en\/wp-json\/wp\/v2\/pages\/15","targetHints":{"allow":["GET"]}}],"collection":[{"href":"https:\/\/metakol.uniri.hr\/en\/wp-json\/wp\/v2\/pages"}],"about":[{"href":"https:\/\/metakol.uniri.hr\/en\/wp-json\/wp\/v2\/types\/page"}],"author":[{"embeddable":true,"href":"https:\/\/metakol.uniri.hr\/en\/wp-json\/wp\/v2\/users\/2"}],"replies":[{"embeddable":true,"href":"https:\/\/metakol.uniri.hr\/en\/wp-json\/wp\/v2\/comments?post=15"}],"version-history":[{"count":24,"href":"https:\/\/metakol.uniri.hr\/en\/wp-json\/wp\/v2\/pages\/15\/revisions"}],"predecessor-version":[{"id":1177,"href":"https:\/\/metakol.uniri.hr\/en\/wp-json\/wp\/v2\/pages\/15\/revisions\/1177"}],"wp:attachment":[{"href":"https:\/\/metakol.uniri.hr\/en\/wp-json\/wp\/v2\/media?parent=15"}],"curies":[{"name":"wp","href":"https:\/\/api.w.org\/{rel}","templated":true}]}}